{"id":3118,"date":"2024-03-23T08:08:38","date_gmt":"2024-03-23T13:08:38","guid":{"rendered":"https:\/\/garddytrucking.com\/academy\/?page_id=3118"},"modified":"2024-03-23T08:12:17","modified_gmt":"2024-03-23T13:12:17","slug":"reembolso_devoluciones","status":"publish","type":"page","link":"https:\/\/garddytrucking.com\/academy\/reembolso_devoluciones\/","title":{"rendered":"Pol\u00edtica de devoluciones y reembolsos"},"content":{"rendered":"\t\t<div data-elementor-type=\"wp-page\" data-elementor-id=\"3118\" class=\"elementor elementor-3118\" data-elementor-post-type=\"page\">\n\t\t\t\t\t\t<section class=\"elementor-section elementor-top-section elementor-element elementor-element-5efe7cf6 elementor-section-boxed elementor-section-height-default elementor-section-height-default\" data-id=\"5efe7cf6\" data-element_type=\"section\">\n\t\t\t\t\t\t<div class=\"elementor-container elementor-column-gap-default\">\n\t\t\t\t\t<div class=\"elementor-column elementor-col-100 elementor-top-column elementor-element elementor-element-27ba6bd6\" data-id=\"27ba6bd6\" data-element_type=\"column\">\n\t\t\t<div class=\"elementor-widget-wrap elementor-element-populated\">\n\t\t\t\t\t\t<div class=\"elementor-element elementor-element-aa912b2 elementor-widget elementor-widget-heading\" data-id=\"aa912b2\" data-element_type=\"widget\" data-widget_type=\"heading.default\">\n\t\t\t\t<div class=\"elementor-widget-container\">\n\t\t\t\t\t<h2 class=\"elementor-heading-title elementor-size-default\">POL\u00cdTICAS DE EL CURSO: MASTER EN DISPATCH \n<\/h2>\t\t\t\t<\/div>\n\t\t\t\t<\/div>\n\t\t\t\t<div class=\"elementor-element elementor-element-0370f54 elementor-widget elementor-widget-text-editor\" data-id=\"0370f54\" data-element_type=\"widget\" data-widget_type=\"text-editor.default\">\n\t\t\t\t<div class=\"elementor-widget-container\">\n\t\t\t\t\t\t\t\t\t<h4><strong>Propiedad Intelectual<\/strong><\/h4>\n<p>\u00a0Los derechos de autor de este material pertenecen a Garddy Trucking y Dominican Hotshot son exclusivamente a su propiedad. Ninguna parte de este material puede ser reproducida o compartida de ninguna forma comercial sin el consentimiento previo por escrito de los autores. Este contenido est\u00e1 destinado a ser un entrenamiento individual y no deber\u00eda ser utilizado para entrenar a peque\u00f1as o grandes empresas. La reproducci\u00f3n de este material es de uso exclusivo para el curso de M\u00e1ster en Dispatch en l\u00ednea con Garddy Trucking<\/p>\n<h4><strong>Tiempo de Visualizaci\u00f3n del Curso<\/strong><\/h4>\n<p>El curso tendr\u00e1 una duraci\u00f3n de 1 mes a partir del momento en que se realice el pago. Durante este tiempo, los participantes podr\u00e1n estudiar y reproducir los videos tantas veces como sea necesario. Despu\u00e9s de transcurrido este mes, los videos del curso ya no estar\u00e1n disponibles para reproducci\u00f3n, quedando \u00fanicamente la gu\u00eda en formato PDF. Por lo tanto, recomendamos aprovechar al m\u00e1ximo este tiempo para visualizar los videos explicativos de cada m\u00f3dulo.<\/p>\n<h4><strong>Devoluciones<\/strong><\/h4>\n<p>Luego de realizada la compra, no hay derecho al desistimiento, es decir, no se devolver\u00e1 el dinero, de acuerdo al art\u00edculo 103, de la Ley General para la Defensa de los Consumidores y Usuarios, Real Decreto Legislativo 1\/2007, de 16 de Noviembre, por ser un producto digital. Al momento de la compra el participante activa la casilla en la que declara estar de acuerdo con los t\u00e9rminos y condiciones.<\/p>\n<h4><strong>Asesor\u00edas<\/strong><\/h4>\n<p>El grupo de apoyo no cuenta como asesor\u00eda. Si el estudiante requiere una asesor\u00eda, debe solicitarla en la secci\u00f3n de asesor\u00edas.<\/p>\n<h4><strong>Requisitos del Sistema<\/strong><\/h4>\n<p>Para poder disfrutar del curso, el participante necesitar\u00e1 un ordenador con conexi\u00f3n a internet, posibilidad de abrir archivos con extensi\u00f3n PDF Tambi\u00e9n puede acceder al curso desde un dispositivo m\u00f3vil, pero se recomienda un ordenador\u00a0por\u00a0comodidad.<\/p>\t\t\t\t\t\t\t\t<\/div>\n\t\t\t\t<\/div>\n\t\t\t\t\t<\/div>\n\t\t<\/div>\n\t\t\t\t\t<\/div>\n\t\t<\/section>\n\t\t\t\t<\/div>\n\t\t","protected":false},"excerpt":{"rendered":"<p>POL\u00cdTICAS DE EL CURSO: MASTER EN DISPATCH Propiedad Intelectual \u00a0Los derechos de autor de este material pertenecen a Garddy Trucking y Dominican Hotshot son exclusivamente a su propiedad. Ninguna parte de este material puede ser reproducida o compartida de ninguna forma comercial sin el consentimiento previo por escrito de los autores. Este contenido est\u00e1 destinado [&hellip;]<\/p>\n","protected":false},"author":1,"featured_media":0,"parent":0,"menu_order":0,"comment_status":"closed","ping_status":"closed","template":"","meta":{"footnotes":""},"class_list":["post-3118","page","type-page","status-publish","hentry"],"yoast_head":"<!-- This site is optimized with the Yoast SEO plugin v26.9 - https:\/\/yoast.com\/product\/yoast-seo-wordpress\/ -->\n<title>Pol\u00edtica de devoluciones y reembolsos - Garddy Trucking<\/title>\n<meta name=\"robots\" content=\"index, follow, max-snippet:-1, max-image-preview:large, max-video-preview:-1\" \/>\n<link rel=\"canonical\" href=\"https:\/\/garddytrucking.com\/academy\/reembolso_devoluciones\/\" \/>\n<meta property=\"og:locale\" content=\"es_ES\" \/>\n<meta property=\"og:type\" content=\"article\" \/>\n<meta property=\"og:title\" content=\"Pol\u00edtica de devoluciones y reembolsos - Garddy Trucking\" \/>\n<meta property=\"og:description\" content=\"POL\u00cdTICAS DE EL CURSO: MASTER EN DISPATCH Propiedad Intelectual \u00a0Los derechos de autor de este material pertenecen a Garddy Trucking y Dominican Hotshot son exclusivamente a su propiedad. Ninguna parte de este material puede ser reproducida o compartida de ninguna forma comercial sin el consentimiento previo por escrito de los autores. Este contenido est\u00e1 destinado [&hellip;]\" \/>\n<meta property=\"og:url\" content=\"https:\/\/garddytrucking.com\/academy\/reembolso_devoluciones\/\" \/>\n<meta property=\"og:site_name\" content=\"Garddy Trucking\" \/>\n<meta property=\"article:modified_time\" content=\"2024-03-23T13:12:17+00:00\" \/>\n<meta name=\"twitter:card\" content=\"summary_large_image\" \/>\n<meta name=\"twitter:label1\" content=\"Tiempo de lectura\" \/>\n\t<meta name=\"twitter:data1\" content=\"2 minutos\" \/>\n<script type=\"application\/ld+json\" class=\"yoast-schema-graph\">{\"@context\":\"https:\/\/schema.org\",\"@graph\":[{\"@type\":\"WebPage\",\"@id\":\"https:\/\/garddytrucking.com\/academy\/reembolso_devoluciones\/\",\"url\":\"https:\/\/garddytrucking.com\/academy\/reembolso_devoluciones\/\",\"name\":\"Pol\u00edtica de devoluciones y reembolsos - Garddy Trucking\",\"isPartOf\":{\"@id\":\"https:\/\/garddytrucking.com\/academy\/#website\"},\"datePublished\":\"2024-03-23T13:08:38+00:00\",\"dateModified\":\"2024-03-23T13:12:17+00:00\",\"breadcrumb\":{\"@id\":\"https:\/\/garddytrucking.com\/academy\/reembolso_devoluciones\/#breadcrumb\"},\"inLanguage\":\"es\",\"potentialAction\":[{\"@type\":\"ReadAction\",\"target\":[\"https:\/\/garddytrucking.com\/academy\/reembolso_devoluciones\/\"]}]},{\"@type\":\"BreadcrumbList\",\"@id\":\"https:\/\/garddytrucking.com\/academy\/reembolso_devoluciones\/#breadcrumb\",\"itemListElement\":[{\"@type\":\"ListItem\",\"position\":1,\"name\":\"Home\",\"item\":\"https:\/\/garddytrucking.com\/academy\/\"},{\"@type\":\"ListItem\",\"position\":2,\"name\":\"Pol\u00edtica de devoluciones y reembolsos\"}]},{\"@type\":\"WebSite\",\"@id\":\"https:\/\/garddytrucking.com\/academy\/#website\",\"url\":\"https:\/\/garddytrucking.com\/academy\/\",\"name\":\"Garddy Trucking\",\"description\":\"Trucking and Hotshot Services\",\"publisher\":{\"@id\":\"https:\/\/garddytrucking.com\/academy\/#organization\"},\"potentialAction\":[{\"@type\":\"SearchAction\",\"target\":{\"@type\":\"EntryPoint\",\"urlTemplate\":\"https:\/\/garddytrucking.com\/academy\/?s={search_term_string}\"},\"query-input\":{\"@type\":\"PropertyValueSpecification\",\"valueRequired\":true,\"valueName\":\"search_term_string\"}}],\"inLanguage\":\"es\"},{\"@type\":\"Organization\",\"@id\":\"https:\/\/garddytrucking.com\/academy\/#organization\",\"name\":\"Garddy Trucking\",\"url\":\"https:\/\/garddytrucking.com\/academy\/\",\"logo\":{\"@type\":\"ImageObject\",\"inLanguage\":\"es\",\"@id\":\"https:\/\/garddytrucking.com\/academy\/#\/schema\/logo\/image\/\",\"url\":\"https:\/\/garddytrucking.com\/academy\/wp-content\/uploads\/2022\/05\/cropped-1-1-e1708737792424.png\",\"contentUrl\":\"https:\/\/garddytrucking.com\/academy\/wp-content\/uploads\/2022\/05\/cropped-1-1-e1708737792424.png\",\"width\":1047,\"height\":1050,\"caption\":\"Garddy Trucking\"},\"image\":{\"@id\":\"https:\/\/garddytrucking.com\/academy\/#\/schema\/logo\/image\/\"}}]}<\/script>\n<!-- \/ Yoast SEO plugin. -->","yoast_head_json":{"title":"Pol\u00edtica de devoluciones y reembolsos - Garddy Trucking","robots":{"index":"index","follow":"follow","max-snippet":"max-snippet:-1","max-image-preview":"max-image-preview:large","max-video-preview":"max-video-preview:-1"},"canonical":"https:\/\/garddytrucking.com\/academy\/reembolso_devoluciones\/","og_locale":"es_ES","og_type":"article","og_title":"Pol\u00edtica de devoluciones y reembolsos - Garddy Trucking","og_description":"POL\u00cdTICAS DE EL CURSO: MASTER EN DISPATCH Propiedad Intelectual \u00a0Los derechos de autor de este material pertenecen a Garddy Trucking y Dominican Hotshot son exclusivamente a su propiedad. Ninguna parte de este material puede ser reproducida o compartida de ninguna forma comercial sin el consentimiento previo por escrito de los autores. Este contenido est\u00e1 destinado [&hellip;]","og_url":"https:\/\/garddytrucking.com\/academy\/reembolso_devoluciones\/","og_site_name":"Garddy Trucking","article_modified_time":"2024-03-23T13:12:17+00:00","twitter_card":"summary_large_image","twitter_misc":{"Tiempo de lectura":"2 minutos"},"schema":{"@context":"https:\/\/schema.org","@graph":[{"@type":"WebPage","@id":"https:\/\/garddytrucking.com\/academy\/reembolso_devoluciones\/","url":"https:\/\/garddytrucking.com\/academy\/reembolso_devoluciones\/","name":"Pol\u00edtica de devoluciones y reembolsos - Garddy Trucking","isPartOf":{"@id":"https:\/\/garddytrucking.com\/academy\/#website"},"datePublished":"2024-03-23T13:08:38+00:00","dateModified":"2024-03-23T13:12:17+00:00","breadcrumb":{"@id":"https:\/\/garddytrucking.com\/academy\/reembolso_devoluciones\/#breadcrumb"},"inLanguage":"es","potentialAction":[{"@type":"ReadAction","target":["https:\/\/garddytrucking.com\/academy\/reembolso_devoluciones\/"]}]},{"@type":"BreadcrumbList","@id":"https:\/\/garddytrucking.com\/academy\/reembolso_devoluciones\/#breadcrumb","itemListElement":[{"@type":"ListItem","position":1,"name":"Home","item":"https:\/\/garddytrucking.com\/academy\/"},{"@type":"ListItem","position":2,"name":"Pol\u00edtica de devoluciones y reembolsos"}]},{"@type":"WebSite","@id":"https:\/\/garddytrucking.com\/academy\/#website","url":"https:\/\/garddytrucking.com\/academy\/","name":"Garddy Trucking","description":"Trucking and Hotshot Services","publisher":{"@id":"https:\/\/garddytrucking.com\/academy\/#organization"},"potentialAction":[{"@type":"SearchAction","target":{"@type":"EntryPoint","urlTemplate":"https:\/\/garddytrucking.com\/academy\/?s={search_term_string}"},"query-input":{"@type":"PropertyValueSpecification","valueRequired":true,"valueName":"search_term_string"}}],"inLanguage":"es"},{"@type":"Organization","@id":"https:\/\/garddytrucking.com\/academy\/#organization","name":"Garddy Trucking","url":"https:\/\/garddytrucking.com\/academy\/","logo":{"@type":"ImageObject","inLanguage":"es","@id":"https:\/\/garddytrucking.com\/academy\/#\/schema\/logo\/image\/","url":"https:\/\/garddytrucking.com\/academy\/wp-content\/uploads\/2022\/05\/cropped-1-1-e1708737792424.png","contentUrl":"https:\/\/garddytrucking.com\/academy\/wp-content\/uploads\/2022\/05\/cropped-1-1-e1708737792424.png","width":1047,"height":1050,"caption":"Garddy Trucking"},"image":{"@id":"https:\/\/garddytrucking.com\/academy\/#\/schema\/logo\/image\/"}}]}},"_links":{"self":[{"href":"https:\/\/garddytrucking.com\/academy\/wp-json\/wp\/v2\/pages\/3118","targetHints":{"allow":["GET"]}}],"collection":[{"href":"https:\/\/garddytrucking.com\/academy\/wp-json\/wp\/v2\/pages"}],"about":[{"href":"https:\/\/garddytrucking.com\/academy\/wp-json\/wp\/v2\/types\/page"}],"author":[{"embeddable":true,"href":"https:\/\/garddytrucking.com\/academy\/wp-json\/wp\/v2\/users\/1"}],"replies":[{"embeddable":true,"href":"https:\/\/garddytrucking.com\/academy\/wp-json\/wp\/v2\/comments?post=3118"}],"version-history":[{"count":3,"href":"https:\/\/garddytrucking.com\/academy\/wp-json\/wp\/v2\/pages\/3118\/revisions"}],"predecessor-version":[{"id":3814,"href":"https:\/\/garddytrucking.com\/academy\/wp-json\/wp\/v2\/pages\/3118\/revisions\/3814"}],"wp:attachment":[{"href":"https:\/\/garddytrucking.com\/academy\/wp-json\/wp\/v2\/media?parent=3118"}],"curies":[{"name":"wp","href":"https:\/\/api.w.org\/{rel}","templated":true}]}}