{"id":3737,"date":"2024-03-21T15:21:01","date_gmt":"2024-03-21T20:21:01","guid":{"rendered":"https:\/\/garddytrucking.com\/academy\/?page_id=3737"},"modified":"2024-03-22T11:36:18","modified_gmt":"2024-03-22T16:36:18","slug":"faq","status":"publish","type":"page","link":"https:\/\/garddytrucking.com\/academy\/faq\/","title":{"rendered":"FAQ"},"content":{"rendered":"\t\t<div data-elementor-type=\"wp-page\" data-elementor-id=\"3737\" class=\"elementor elementor-3737\" data-elementor-post-type=\"page\">\n\t\t\t\t\t\t<section class=\"elementor-section elementor-top-section elementor-element elementor-element-e539068 elementor-section-boxed elementor-section-height-default elementor-section-height-default\" data-id=\"e539068\" data-element_type=\"section\" data-settings=\"{&quot;background_background&quot;:&quot;classic&quot;}\">\n\t\t\t\t\t\t<div class=\"elementor-container elementor-column-gap-default\">\n\t\t\t\t\t<div class=\"elementor-column elementor-col-66 elementor-top-column elementor-element elementor-element-00fa12a\" data-id=\"00fa12a\" data-element_type=\"column\">\n\t\t\t<div class=\"elementor-widget-wrap elementor-element-populated\">\n\t\t\t\t\t\t<div class=\"elementor-element elementor-element-b6a187c elementor-widget elementor-widget-heading\" data-id=\"b6a187c\" data-element_type=\"widget\" data-widget_type=\"heading.default\">\n\t\t\t\t<div class=\"elementor-widget-container\">\n\t\t\t\t\t<h2 class=\"elementor-heading-title elementor-size-default\">PREGUNTAS FRECUENTES<\/h2>\t\t\t\t<\/div>\n\t\t\t\t<\/div>\n\t\t\t\t<div class=\"elementor-element elementor-element-337a1f0 elementor-widget elementor-widget-accordion\" data-id=\"337a1f0\" data-element_type=\"widget\" data-widget_type=\"accordion.default\">\n\t\t\t\t<div class=\"elementor-widget-container\">\n\t\t\t\t\t\t\t<div class=\"elementor-accordion\">\n\t\t\t\t\t\t\t<div class=\"elementor-accordion-item\">\n\t\t\t\t\t<div id=\"elementor-tab-title-5391\" class=\"elementor-tab-title\" data-tab=\"1\" role=\"button\" aria-controls=\"elementor-tab-content-5391\" aria-expanded=\"false\">\n\t\t\t\t\t\t\t\t\t\t\t\t\t<span class=\"elementor-accordion-icon elementor-accordion-icon-left\" aria-hidden=\"true\">\n\t\t\t\t\t\t\t\t\t\t\t\t\t\t\t<span class=\"elementor-accordion-icon-closed\"><i class=\"fas fa-plus\"><\/i><\/span>\n\t\t\t\t\t\t\t\t<span class=\"elementor-accordion-icon-opened\"><i class=\"fas fa-minus\"><\/i><\/span>\n\t\t\t\t\t\t\t\t\t\t\t\t\t\t<\/span>\n\t\t\t\t\t\t\t\t\t\t\t\t<a class=\"elementor-accordion-title\" tabindex=\"0\">\u00bfCu\u00e1l es la duraci\u00f3n del curso de dispatch?<\/a>\n\t\t\t\t\t<\/div>\n\t\t\t\t\t<div id=\"elementor-tab-content-5391\" class=\"elementor-tab-content elementor-clearfix\" data-tab=\"1\" role=\"region\" aria-labelledby=\"elementor-tab-title-5391\"><p>Tendr\u00e1n acceso al curso por un mes completo.<\/p><\/div>\n\t\t\t\t<\/div>\n\t\t\t\t\t\t\t<div class=\"elementor-accordion-item\">\n\t\t\t\t\t<div id=\"elementor-tab-title-5392\" class=\"elementor-tab-title\" data-tab=\"2\" role=\"button\" aria-controls=\"elementor-tab-content-5392\" aria-expanded=\"false\">\n\t\t\t\t\t\t\t\t\t\t\t\t\t<span class=\"elementor-accordion-icon elementor-accordion-icon-left\" aria-hidden=\"true\">\n\t\t\t\t\t\t\t\t\t\t\t\t\t\t\t<span class=\"elementor-accordion-icon-closed\"><i class=\"fas fa-plus\"><\/i><\/span>\n\t\t\t\t\t\t\t\t<span class=\"elementor-accordion-icon-opened\"><i class=\"fas fa-minus\"><\/i><\/span>\n\t\t\t\t\t\t\t\t\t\t\t\t\t\t<\/span>\n\t\t\t\t\t\t\t\t\t\t\t\t<a class=\"elementor-accordion-title\" tabindex=\"0\">\u00bfQu\u00e9 incluye exactamente el curso?<\/a>\n\t\t\t\t\t<\/div>\n\t\t\t\t\t<div id=\"elementor-tab-content-5392\" class=\"elementor-tab-content elementor-clearfix\" data-tab=\"2\" role=\"region\" aria-labelledby=\"elementor-tab-title-5392\"><p>M\u00f3dulo 1: Introducci\u00f3n al Mundo del Dispatch<br \/>M\u00f3dulo 2: Qu\u00e9 es un Despachador de Camiones, Diferencias y C\u00f3mo se Relacionan<br \/>M\u00f3dulo 3: Obligaciones y Responsabilidades<br \/>M\u00f3dulo 4: Terminolog\u00eda y Glosario de la Industria<br \/>M\u00f3dulo 5: Qu\u00e9 es un Carrier Packet<br \/>M\u00f3dulo 6: C\u00f3mo Conseguir Clientes<br \/>M\u00f3dulo 7: C\u00f3mo Conseguir Cargas, Aplicaciones y Procedimientos Correctos<br \/>M\u00f3dulo 8: Seguimiento de una Carga, MacroPoint, Trucker Tools<br \/>M\u00f3dulo 9: Libro Electr\u00f3nico<br \/>M\u00f3dulo 10: Ganancia<br \/>M\u00f3dulo 11: Factor\u00eda<br \/>M\u00f3dulo 12: Administraci\u00f3n y Contabilidad<\/p><\/div>\n\t\t\t\t<\/div>\n\t\t\t\t\t\t\t<div class=\"elementor-accordion-item\">\n\t\t\t\t\t<div id=\"elementor-tab-title-5393\" class=\"elementor-tab-title\" data-tab=\"3\" role=\"button\" aria-controls=\"elementor-tab-content-5393\" aria-expanded=\"false\">\n\t\t\t\t\t\t\t\t\t\t\t\t\t<span class=\"elementor-accordion-icon elementor-accordion-icon-left\" aria-hidden=\"true\">\n\t\t\t\t\t\t\t\t\t\t\t\t\t\t\t<span class=\"elementor-accordion-icon-closed\"><i class=\"fas fa-plus\"><\/i><\/span>\n\t\t\t\t\t\t\t\t<span class=\"elementor-accordion-icon-opened\"><i class=\"fas fa-minus\"><\/i><\/span>\n\t\t\t\t\t\t\t\t\t\t\t\t\t\t<\/span>\n\t\t\t\t\t\t\t\t\t\t\t\t<a class=\"elementor-accordion-title\" tabindex=\"0\">\u00bfCu\u00e1les son los requisitos para inscribirse en el curso?<\/a>\n\t\t\t\t\t<\/div>\n\t\t\t\t\t<div id=\"elementor-tab-content-5393\" class=\"elementor-tab-content elementor-clearfix\" data-tab=\"3\" role=\"region\" aria-labelledby=\"elementor-tab-title-5393\"><p>Contar con Internet, una computadora, tel\u00e9fono m\u00f3vil y muchas ganas de aprender.<\/p><\/div>\n\t\t\t\t<\/div>\n\t\t\t\t\t\t\t<div class=\"elementor-accordion-item\">\n\t\t\t\t\t<div id=\"elementor-tab-title-5394\" class=\"elementor-tab-title\" data-tab=\"4\" role=\"button\" aria-controls=\"elementor-tab-content-5394\" aria-expanded=\"false\">\n\t\t\t\t\t\t\t\t\t\t\t\t\t<span class=\"elementor-accordion-icon elementor-accordion-icon-left\" aria-hidden=\"true\">\n\t\t\t\t\t\t\t\t\t\t\t\t\t\t\t<span class=\"elementor-accordion-icon-closed\"><i class=\"fas fa-plus\"><\/i><\/span>\n\t\t\t\t\t\t\t\t<span class=\"elementor-accordion-icon-opened\"><i class=\"fas fa-minus\"><\/i><\/span>\n\t\t\t\t\t\t\t\t\t\t\t\t\t\t<\/span>\n\t\t\t\t\t\t\t\t\t\t\t\t<a class=\"elementor-accordion-title\" tabindex=\"0\">\u00bfPuedo acceder al curso desde cualquier parte del mundo? <\/a>\n\t\t\t\t\t<\/div>\n\t\t\t\t\t<div id=\"elementor-tab-content-5394\" class=\"elementor-tab-content elementor-clearfix\" data-tab=\"4\" role=\"region\" aria-labelledby=\"elementor-tab-title-5394\"><p>SI, por supuesto.<\/p><\/div>\n\t\t\t\t<\/div>\n\t\t\t\t\t\t\t<div class=\"elementor-accordion-item\">\n\t\t\t\t\t<div id=\"elementor-tab-title-5395\" class=\"elementor-tab-title\" data-tab=\"5\" role=\"button\" aria-controls=\"elementor-tab-content-5395\" aria-expanded=\"false\">\n\t\t\t\t\t\t\t\t\t\t\t\t\t<span class=\"elementor-accordion-icon elementor-accordion-icon-left\" aria-hidden=\"true\">\n\t\t\t\t\t\t\t\t\t\t\t\t\t\t\t<span class=\"elementor-accordion-icon-closed\"><i class=\"fas fa-plus\"><\/i><\/span>\n\t\t\t\t\t\t\t\t<span class=\"elementor-accordion-icon-opened\"><i class=\"fas fa-minus\"><\/i><\/span>\n\t\t\t\t\t\t\t\t\t\t\t\t\t\t<\/span>\n\t\t\t\t\t\t\t\t\t\t\t\t<a class=\"elementor-accordion-title\" tabindex=\"0\">\u00bfNecesito experiencia previa para tener \u00e9xito? <\/a>\n\t\t\t\t\t<\/div>\n\t\t\t\t\t<div id=\"elementor-tab-content-5395\" class=\"elementor-tab-content elementor-clearfix\" data-tab=\"5\" role=\"region\" aria-labelledby=\"elementor-tab-title-5395\"><p>Para nada! El curso est\u00e1 dise\u00f1ado para principiantes y cada m\u00f3dulo est\u00e1 perfectamente explicado.<\/p><\/div>\n\t\t\t\t<\/div>\n\t\t\t\t\t\t\t<div class=\"elementor-accordion-item\">\n\t\t\t\t\t<div id=\"elementor-tab-title-5396\" class=\"elementor-tab-title\" data-tab=\"6\" role=\"button\" aria-controls=\"elementor-tab-content-5396\" aria-expanded=\"false\">\n\t\t\t\t\t\t\t\t\t\t\t\t\t<span class=\"elementor-accordion-icon elementor-accordion-icon-left\" aria-hidden=\"true\">\n\t\t\t\t\t\t\t\t\t\t\t\t\t\t\t<span class=\"elementor-accordion-icon-closed\"><i class=\"fas fa-plus\"><\/i><\/span>\n\t\t\t\t\t\t\t\t<span class=\"elementor-accordion-icon-opened\"><i class=\"fas fa-minus\"><\/i><\/span>\n\t\t\t\t\t\t\t\t\t\t\t\t\t\t<\/span>\n\t\t\t\t\t\t\t\t\t\t\t\t<a class=\"elementor-accordion-title\" tabindex=\"0\">\u00bfEl curso ofrece alg\u00fan tipo de certificaci\u00f3n al completarlo? <\/a>\n\t\t\t\t\t<\/div>\n\t\t\t\t\t<div id=\"elementor-tab-content-5396\" class=\"elementor-tab-content elementor-clearfix\" data-tab=\"6\" role=\"region\" aria-labelledby=\"elementor-tab-title-5396\"><p>SI<\/p><\/div>\n\t\t\t\t<\/div>\n\t\t\t\t\t\t\t<div class=\"elementor-accordion-item\">\n\t\t\t\t\t<div id=\"elementor-tab-title-5397\" class=\"elementor-tab-title\" data-tab=\"7\" role=\"button\" aria-controls=\"elementor-tab-content-5397\" aria-expanded=\"false\">\n\t\t\t\t\t\t\t\t\t\t\t\t\t<span class=\"elementor-accordion-icon elementor-accordion-icon-left\" aria-hidden=\"true\">\n\t\t\t\t\t\t\t\t\t\t\t\t\t\t\t<span class=\"elementor-accordion-icon-closed\"><i class=\"fas fa-plus\"><\/i><\/span>\n\t\t\t\t\t\t\t\t<span class=\"elementor-accordion-icon-opened\"><i class=\"fas fa-minus\"><\/i><\/span>\n\t\t\t\t\t\t\t\t\t\t\t\t\t\t<\/span>\n\t\t\t\t\t\t\t\t\t\t\t\t<a class=\"elementor-accordion-title\" tabindex=\"0\">\u00bfC\u00f3mo puedo acceder al contenido del curso? <\/a>\n\t\t\t\t\t<\/div>\n\t\t\t\t\t<div id=\"elementor-tab-content-5397\" class=\"elementor-tab-content elementor-clearfix\" data-tab=\"7\" role=\"region\" aria-labelledby=\"elementor-tab-title-5397\"><p>Por medio de nuestra p\u00e1gina web, obtendr\u00e1s un link para crear un usuario y clave para acceder al curso las veces que sea necesario DURANTE UN MES.<\/p><\/div>\n\t\t\t\t<\/div>\n\t\t\t\t\t\t\t<div class=\"elementor-accordion-item\">\n\t\t\t\t\t<div id=\"elementor-tab-title-5398\" class=\"elementor-tab-title\" data-tab=\"8\" role=\"button\" aria-controls=\"elementor-tab-content-5398\" aria-expanded=\"false\">\n\t\t\t\t\t\t\t\t\t\t\t\t\t<span class=\"elementor-accordion-icon elementor-accordion-icon-left\" aria-hidden=\"true\">\n\t\t\t\t\t\t\t\t\t\t\t\t\t\t\t<span class=\"elementor-accordion-icon-closed\"><i class=\"fas fa-plus\"><\/i><\/span>\n\t\t\t\t\t\t\t\t<span class=\"elementor-accordion-icon-opened\"><i class=\"fas fa-minus\"><\/i><\/span>\n\t\t\t\t\t\t\t\t\t\t\t\t\t\t<\/span>\n\t\t\t\t\t\t\t\t\t\t\t\t<a class=\"elementor-accordion-title\" tabindex=\"0\">\u00bfHay alguna fecha espec\u00edfica de inicio para el curso?\u00a0<\/a>\n\t\t\t\t\t<\/div>\n\t\t\t\t\t<div id=\"elementor-tab-content-5398\" class=\"elementor-tab-content elementor-clearfix\" data-tab=\"8\" role=\"region\" aria-labelledby=\"elementor-tab-title-5398\"><p>NO, ya el curso estar\u00e1 disponible de manera online para que lo adquieras cuando desees.<\/p><\/div>\n\t\t\t\t<\/div>\n\t\t\t\t\t\t\t<div class=\"elementor-accordion-item\">\n\t\t\t\t\t<div id=\"elementor-tab-title-5399\" class=\"elementor-tab-title\" data-tab=\"9\" role=\"button\" aria-controls=\"elementor-tab-content-5399\" aria-expanded=\"false\">\n\t\t\t\t\t\t\t\t\t\t\t\t\t<span class=\"elementor-accordion-icon elementor-accordion-icon-left\" aria-hidden=\"true\">\n\t\t\t\t\t\t\t\t\t\t\t\t\t\t\t<span class=\"elementor-accordion-icon-closed\"><i class=\"fas fa-plus\"><\/i><\/span>\n\t\t\t\t\t\t\t\t<span class=\"elementor-accordion-icon-opened\"><i class=\"fas fa-minus\"><\/i><\/span>\n\t\t\t\t\t\t\t\t\t\t\t\t\t\t<\/span>\n\t\t\t\t\t\t\t\t\t\t\t\t<a class=\"elementor-accordion-title\" tabindex=\"0\">\u00bfC\u00f3mo puedo recibir ayuda si tengo dificultades con el contenido del curso?<\/a>\n\t\t\t\t\t<\/div>\n\t\t\t\t\t<div id=\"elementor-tab-content-5399\" class=\"elementor-tab-content elementor-clearfix\" data-tab=\"9\" role=\"region\" aria-labelledby=\"elementor-tab-title-5399\"><p>\u00a0Si, recibir\u00e1s un grupo de apoyo donde se aclararan dudas y recibir\u00e1s informaci\u00f3n de valor.<\/p><\/div>\n\t\t\t\t<\/div>\n\t\t\t\t\t\t\t<div class=\"elementor-accordion-item\">\n\t\t\t\t\t<div id=\"elementor-tab-title-53910\" class=\"elementor-tab-title\" data-tab=\"10\" role=\"button\" aria-controls=\"elementor-tab-content-53910\" aria-expanded=\"false\">\n\t\t\t\t\t\t\t\t\t\t\t\t\t<span class=\"elementor-accordion-icon elementor-accordion-icon-left\" aria-hidden=\"true\">\n\t\t\t\t\t\t\t\t\t\t\t\t\t\t\t<span class=\"elementor-accordion-icon-closed\"><i class=\"fas fa-plus\"><\/i><\/span>\n\t\t\t\t\t\t\t\t<span class=\"elementor-accordion-icon-opened\"><i class=\"fas fa-minus\"><\/i><\/span>\n\t\t\t\t\t\t\t\t\t\t\t\t\t\t<\/span>\n\t\t\t\t\t\t\t\t\t\t\t\t<a class=\"elementor-accordion-title\" tabindex=\"0\">\u00bfQu\u00e9 diferencias hay entre este curso y otros disponibles en el mercado?\u00a0<\/a>\n\t\t\t\t\t<\/div>\n\t\t\t\t\t<div id=\"elementor-tab-content-53910\" class=\"elementor-tab-content elementor-clearfix\" data-tab=\"10\" role=\"region\" aria-labelledby=\"elementor-tab-title-53910\"><p>Una diferencia notable de nuestro curso de M\u00e1ster en Dispatch es la inclusi\u00f3n de videos en vivo de llamadas con brokers, que brindan una experiencia pr\u00e1ctica \u00fanica. Adem\u00e1s, explicamos en detalle c\u00f3mo funcionan diversas plataformas de b\u00fasqueda de cargas. Tambi\u00e9n ofrecemos asesor\u00eda personalizada con nuestro equipo y acceso a un chat de estudiantes para resolver dudas en tiempo real. Estas caracter\u00edsticas combinadas ofrecen un enfoque integral y pr\u00e1ctico que otros cursos de dispatch no podr\u00e1n ofrecer.<\/p><\/div>\n\t\t\t\t<\/div>\n\t\t\t\t\t\t\t<div class=\"elementor-accordion-item\">\n\t\t\t\t\t<div id=\"elementor-tab-title-53911\" class=\"elementor-tab-title\" data-tab=\"11\" role=\"button\" aria-controls=\"elementor-tab-content-53911\" aria-expanded=\"false\">\n\t\t\t\t\t\t\t\t\t\t\t\t\t<span class=\"elementor-accordion-icon elementor-accordion-icon-left\" aria-hidden=\"true\">\n\t\t\t\t\t\t\t\t\t\t\t\t\t\t\t<span class=\"elementor-accordion-icon-closed\"><i class=\"fas fa-plus\"><\/i><\/span>\n\t\t\t\t\t\t\t\t<span class=\"elementor-accordion-icon-opened\"><i class=\"fas fa-minus\"><\/i><\/span>\n\t\t\t\t\t\t\t\t\t\t\t\t\t\t<\/span>\n\t\t\t\t\t\t\t\t\t\t\t\t<a class=\"elementor-accordion-title\" tabindex=\"0\">\u00bfC\u00f3mo puedo ponerme en contacto con el equipo de soporte del curso?\u00a0<\/a>\n\t\t\t\t\t<\/div>\n\t\t\t\t\t<div id=\"elementor-tab-content-53911\" class=\"elementor-tab-content elementor-clearfix\" data-tab=\"11\" role=\"region\" aria-labelledby=\"elementor-tab-title-53911\"><p>Puedes contactarnos por v\u00eda email o una vez haya comprado el curso tendr\u00edas acceso a nuestro grupo de estudiantes por Whatsapp donde aclaramos cualquier tipo de dudas que tengan.<\/p><\/div>\n\t\t\t\t<\/div>\n\t\t\t\t\t\t\t\t<\/div>\n\t\t\t\t\t\t<\/div>\n\t\t\t\t<\/div>\n\t\t\t\t\t<\/div>\n\t\t<\/div>\n\t\t\t\t<div class=\"elementor-column elementor-col-33 elementor-top-column elementor-element elementor-element-9b506ae\" data-id=\"9b506ae\" data-element_type=\"column\">\n\t\t\t<div class=\"elementor-widget-wrap elementor-element-populated\">\n\t\t\t\t\t\t<div class=\"elementor-element elementor-element-d98af73 elementor-widget elementor-widget-video\" data-id=\"d98af73\" data-element_type=\"widget\" data-settings=\"{&quot;video_type&quot;:&quot;hosted&quot;,&quot;autoplay&quot;:&quot;yes&quot;,&quot;play_on_mobile&quot;:&quot;yes&quot;}\" data-widget_type=\"video.default\">\n\t\t\t\t<div class=\"elementor-widget-container\">\n\t\t\t\t\t\t\t<div class=\"e-hosted-video elementor-wrapper elementor-open-inline\">\n\t\t\t\t\t<video class=\"elementor-video\" src=\"https:\/\/garddytrucking.com\/academy\/wp-content\/uploads\/2024\/03\/Diseno-sin-titulo.mp4\" autoplay=\"\" playsinline=\"\" controlsList=\"nodownload\"><\/video>\n\t\t\t\t<\/div>\n\t\t\t\t\t\t<\/div>\n\t\t\t\t<\/div>\n\t\t\t\t\t<\/div>\n\t\t<\/div>\n\t\t\t\t\t<\/div>\n\t\t<\/section>\n\t\t\t\t<section class=\"elementor-section elementor-top-section elementor-element elementor-element-4ebc124 elementor-section-boxed elementor-section-height-default elementor-section-height-default\" data-id=\"4ebc124\" data-element_type=\"section\" data-settings=\"{&quot;background_background&quot;:&quot;classic&quot;}\">\n\t\t\t\t\t\t<div class=\"elementor-container elementor-column-gap-default\">\n\t\t\t\t\t<div class=\"elementor-column elementor-col-100 elementor-top-column elementor-element elementor-element-60aee48\" data-id=\"60aee48\" data-element_type=\"column\">\n\t\t\t<div class=\"elementor-widget-wrap\">\n\t\t\t\t\t\t\t<\/div>\n\t\t<\/div>\n\t\t\t\t\t<\/div>\n\t\t<\/section>\n\t\t\t\t<\/div>\n\t\t","protected":false},"excerpt":{"rendered":"<p>PREGUNTAS FRECUENTES \u00bfCu\u00e1l es la duraci\u00f3n del curso de dispatch? Tendr\u00e1n acceso al curso por un mes completo. \u00bfQu\u00e9 incluye exactamente el curso? M\u00f3dulo 1: Introducci\u00f3n al Mundo del DispatchM\u00f3dulo 2: Qu\u00e9 es un Despachador de Camiones, Diferencias y C\u00f3mo se RelacionanM\u00f3dulo 3: Obligaciones y ResponsabilidadesM\u00f3dulo 4: Terminolog\u00eda y Glosario de la IndustriaM\u00f3dulo 5: Qu\u00e9 [&hellip;]<\/p>\n","protected":false},"author":1,"featured_media":0,"parent":0,"menu_order":0,"comment_status":"closed","ping_status":"closed","template":"","meta":{"footnotes":""},"class_list":["post-3737","page","type-page","status-publish","hentry"],"yoast_head":"<!-- This site is optimized with the Yoast SEO plugin v26.9 - https:\/\/yoast.com\/product\/yoast-seo-wordpress\/ -->\n<title>FAQ - Garddy Trucking<\/title>\n<meta name=\"robots\" content=\"index, follow, max-snippet:-1, max-image-preview:large, max-video-preview:-1\" \/>\n<link rel=\"canonical\" href=\"https:\/\/garddytrucking.com\/academy\/faq\/\" \/>\n<meta property=\"og:locale\" content=\"es_ES\" \/>\n<meta property=\"og:type\" content=\"article\" \/>\n<meta property=\"og:title\" content=\"FAQ - Garddy Trucking\" \/>\n<meta property=\"og:description\" content=\"PREGUNTAS FRECUENTES \u00bfCu\u00e1l es la duraci\u00f3n del curso de dispatch? Tendr\u00e1n acceso al curso por un mes completo. \u00bfQu\u00e9 incluye exactamente el curso? M\u00f3dulo 1: Introducci\u00f3n al Mundo del DispatchM\u00f3dulo 2: Qu\u00e9 es un Despachador de Camiones, Diferencias y C\u00f3mo se RelacionanM\u00f3dulo 3: Obligaciones y ResponsabilidadesM\u00f3dulo 4: Terminolog\u00eda y Glosario de la IndustriaM\u00f3dulo 5: Qu\u00e9 [&hellip;]\" \/>\n<meta property=\"og:url\" content=\"https:\/\/garddytrucking.com\/academy\/faq\/\" \/>\n<meta property=\"og:site_name\" content=\"Garddy Trucking\" \/>\n<meta property=\"article:modified_time\" content=\"2024-03-22T16:36:18+00:00\" \/>\n<meta name=\"twitter:card\" content=\"summary_large_image\" \/>\n<meta name=\"twitter:label1\" content=\"Tiempo de lectura\" \/>\n\t<meta name=\"twitter:data1\" content=\"2 minutos\" \/>\n<script type=\"application\/ld+json\" class=\"yoast-schema-graph\">{\"@context\":\"https:\/\/schema.org\",\"@graph\":[{\"@type\":\"WebPage\",\"@id\":\"https:\/\/garddytrucking.com\/academy\/faq\/\",\"url\":\"https:\/\/garddytrucking.com\/academy\/faq\/\",\"name\":\"FAQ - Garddy Trucking\",\"isPartOf\":{\"@id\":\"https:\/\/garddytrucking.com\/academy\/#website\"},\"datePublished\":\"2024-03-21T20:21:01+00:00\",\"dateModified\":\"2024-03-22T16:36:18+00:00\",\"breadcrumb\":{\"@id\":\"https:\/\/garddytrucking.com\/academy\/faq\/#breadcrumb\"},\"inLanguage\":\"es\",\"potentialAction\":[{\"@type\":\"ReadAction\",\"target\":[\"https:\/\/garddytrucking.com\/academy\/faq\/\"]}]},{\"@type\":\"BreadcrumbList\",\"@id\":\"https:\/\/garddytrucking.com\/academy\/faq\/#breadcrumb\",\"itemListElement\":[{\"@type\":\"ListItem\",\"position\":1,\"name\":\"Home\",\"item\":\"https:\/\/garddytrucking.com\/academy\/\"},{\"@type\":\"ListItem\",\"position\":2,\"name\":\"FAQ\"}]},{\"@type\":\"WebSite\",\"@id\":\"https:\/\/garddytrucking.com\/academy\/#website\",\"url\":\"https:\/\/garddytrucking.com\/academy\/\",\"name\":\"Garddy Trucking\",\"description\":\"Trucking and Hotshot Services\",\"publisher\":{\"@id\":\"https:\/\/garddytrucking.com\/academy\/#organization\"},\"potentialAction\":[{\"@type\":\"SearchAction\",\"target\":{\"@type\":\"EntryPoint\",\"urlTemplate\":\"https:\/\/garddytrucking.com\/academy\/?s={search_term_string}\"},\"query-input\":{\"@type\":\"PropertyValueSpecification\",\"valueRequired\":true,\"valueName\":\"search_term_string\"}}],\"inLanguage\":\"es\"},{\"@type\":\"Organization\",\"@id\":\"https:\/\/garddytrucking.com\/academy\/#organization\",\"name\":\"Garddy Trucking\",\"url\":\"https:\/\/garddytrucking.com\/academy\/\",\"logo\":{\"@type\":\"ImageObject\",\"inLanguage\":\"es\",\"@id\":\"https:\/\/garddytrucking.com\/academy\/#\/schema\/logo\/image\/\",\"url\":\"https:\/\/garddytrucking.com\/academy\/wp-content\/uploads\/2022\/05\/cropped-1-1-e1708737792424.png\",\"contentUrl\":\"https:\/\/garddytrucking.com\/academy\/wp-content\/uploads\/2022\/05\/cropped-1-1-e1708737792424.png\",\"width\":1047,\"height\":1050,\"caption\":\"Garddy Trucking\"},\"image\":{\"@id\":\"https:\/\/garddytrucking.com\/academy\/#\/schema\/logo\/image\/\"}}]}<\/script>\n<!-- \/ Yoast SEO plugin. -->","yoast_head_json":{"title":"FAQ - Garddy Trucking","robots":{"index":"index","follow":"follow","max-snippet":"max-snippet:-1","max-image-preview":"max-image-preview:large","max-video-preview":"max-video-preview:-1"},"canonical":"https:\/\/garddytrucking.com\/academy\/faq\/","og_locale":"es_ES","og_type":"article","og_title":"FAQ - Garddy Trucking","og_description":"PREGUNTAS FRECUENTES \u00bfCu\u00e1l es la duraci\u00f3n del curso de dispatch? Tendr\u00e1n acceso al curso por un mes completo. \u00bfQu\u00e9 incluye exactamente el curso? M\u00f3dulo 1: Introducci\u00f3n al Mundo del DispatchM\u00f3dulo 2: Qu\u00e9 es un Despachador de Camiones, Diferencias y C\u00f3mo se RelacionanM\u00f3dulo 3: Obligaciones y ResponsabilidadesM\u00f3dulo 4: Terminolog\u00eda y Glosario de la IndustriaM\u00f3dulo 5: Qu\u00e9 [&hellip;]","og_url":"https:\/\/garddytrucking.com\/academy\/faq\/","og_site_name":"Garddy Trucking","article_modified_time":"2024-03-22T16:36:18+00:00","twitter_card":"summary_large_image","twitter_misc":{"Tiempo de lectura":"2 minutos"},"schema":{"@context":"https:\/\/schema.org","@graph":[{"@type":"WebPage","@id":"https:\/\/garddytrucking.com\/academy\/faq\/","url":"https:\/\/garddytrucking.com\/academy\/faq\/","name":"FAQ - Garddy Trucking","isPartOf":{"@id":"https:\/\/garddytrucking.com\/academy\/#website"},"datePublished":"2024-03-21T20:21:01+00:00","dateModified":"2024-03-22T16:36:18+00:00","breadcrumb":{"@id":"https:\/\/garddytrucking.com\/academy\/faq\/#breadcrumb"},"inLanguage":"es","potentialAction":[{"@type":"ReadAction","target":["https:\/\/garddytrucking.com\/academy\/faq\/"]}]},{"@type":"BreadcrumbList","@id":"https:\/\/garddytrucking.com\/academy\/faq\/#breadcrumb","itemListElement":[{"@type":"ListItem","position":1,"name":"Home","item":"https:\/\/garddytrucking.com\/academy\/"},{"@type":"ListItem","position":2,"name":"FAQ"}]},{"@type":"WebSite","@id":"https:\/\/garddytrucking.com\/academy\/#website","url":"https:\/\/garddytrucking.com\/academy\/","name":"Garddy Trucking","description":"Trucking and Hotshot Services","publisher":{"@id":"https:\/\/garddytrucking.com\/academy\/#organization"},"potentialAction":[{"@type":"SearchAction","target":{"@type":"EntryPoint","urlTemplate":"https:\/\/garddytrucking.com\/academy\/?s={search_term_string}"},"query-input":{"@type":"PropertyValueSpecification","valueRequired":true,"valueName":"search_term_string"}}],"inLanguage":"es"},{"@type":"Organization","@id":"https:\/\/garddytrucking.com\/academy\/#organization","name":"Garddy Trucking","url":"https:\/\/garddytrucking.com\/academy\/","logo":{"@type":"ImageObject","inLanguage":"es","@id":"https:\/\/garddytrucking.com\/academy\/#\/schema\/logo\/image\/","url":"https:\/\/garddytrucking.com\/academy\/wp-content\/uploads\/2022\/05\/cropped-1-1-e1708737792424.png","contentUrl":"https:\/\/garddytrucking.com\/academy\/wp-content\/uploads\/2022\/05\/cropped-1-1-e1708737792424.png","width":1047,"height":1050,"caption":"Garddy Trucking"},"image":{"@id":"https:\/\/garddytrucking.com\/academy\/#\/schema\/logo\/image\/"}}]}},"_links":{"self":[{"href":"https:\/\/garddytrucking.com\/academy\/wp-json\/wp\/v2\/pages\/3737","targetHints":{"allow":["GET"]}}],"collection":[{"href":"https:\/\/garddytrucking.com\/academy\/wp-json\/wp\/v2\/pages"}],"about":[{"href":"https:\/\/garddytrucking.com\/academy\/wp-json\/wp\/v2\/types\/page"}],"author":[{"embeddable":true,"href":"https:\/\/garddytrucking.com\/academy\/wp-json\/wp\/v2\/users\/1"}],"replies":[{"embeddable":true,"href":"https:\/\/garddytrucking.com\/academy\/wp-json\/wp\/v2\/comments?post=3737"}],"version-history":[{"count":10,"href":"https:\/\/garddytrucking.com\/academy\/wp-json\/wp\/v2\/pages\/3737\/revisions"}],"predecessor-version":[{"id":3793,"href":"https:\/\/garddytrucking.com\/academy\/wp-json\/wp\/v2\/pages\/3737\/revisions\/3793"}],"wp:attachment":[{"href":"https:\/\/garddytrucking.com\/academy\/wp-json\/wp\/v2\/media?parent=3737"}],"curies":[{"name":"wp","href":"https:\/\/api.w.org\/{rel}","templated":true}]}}