{"id":3119,"date":"2024-03-06T15:12:27","date_gmt":"2024-03-06T20:12:27","guid":{"rendered":"https:\/\/garddytrucking.com\/academy\/?post_type=product&#038;p=3119"},"modified":"2024-03-26T15:27:58","modified_gmt":"2024-03-26T20:27:58","slug":"curso-master-de-dispatch-en-espanol","status":"publish","type":"product","link":"https:\/\/garddytrucking.com\/academy\/producto\/curso-master-de-dispatch-en-espanol\/","title":{"rendered":"CURSO MASTER DE DISPATCH EN ESPA\u00d1OL"},"content":{"rendered":"\t\t<div data-elementor-type=\"product-post\" data-elementor-id=\"3119\" class=\"elementor elementor-3119\" data-elementor-post-type=\"product\">\n\t\t\t\t\t\t<section class=\"elementor-section elementor-top-section elementor-element elementor-element-1f449e5 elementor-section-boxed elementor-section-height-default elementor-section-height-default\" data-id=\"1f449e5\" data-element_type=\"section\">\n\t\t\t\t\t\t<div class=\"elementor-container elementor-column-gap-default\">\n\t\t\t\t\t<div class=\"elementor-column elementor-col-100 elementor-top-column elementor-element elementor-element-468b91a1\" data-id=\"468b91a1\" data-element_type=\"column\">\n\t\t\t<div class=\"elementor-widget-wrap elementor-element-populated\">\n\t\t\t\t\t\t<div class=\"elementor-element elementor-element-28ab10c elementor-widget elementor-widget-text-editor\" data-id=\"28ab10c\" data-element_type=\"widget\" data-widget_type=\"text-editor.default\">\n\t\t\t\t<div class=\"elementor-widget-container\">\n\t\t\t\t\t\t\t\t\t<h2><span style=\"color: #ff9900;\">\u00bfQu\u00e9 Incluye Este Producto?<\/span><\/h2><p><strong>M\u00f3dulo 1:<\/strong> Introducci\u00f3n al Mundo del Dispatch<br \/><strong>M\u00f3dulo 2:<\/strong> Qu\u00e9 es un Despachador de Camiones, Diferencias y C\u00f3mo se Relacionan<br \/><strong>M\u00f3dulo 3:<\/strong> Obligaciones y Responsabilidades<br \/><strong>M\u00f3dulo 4:<\/strong> Terminolog\u00eda y Glosario de la Industria<br \/><strong>M\u00f3dulo 5:<\/strong> Qu\u00e9 es un Carrier Packet<br \/><strong>M\u00f3dulo 6:<\/strong> C\u00f3mo Conseguir Clientes<br \/><strong>M\u00f3dulo 7:<\/strong> C\u00f3mo Conseguir Cargas, Aplicaciones y Procedimientos Correctos<br \/><strong>M\u00f3dulo 8:<\/strong> Seguimiento de una Carga, MacroPoint, Trucker Tools<br \/><strong>M\u00f3dulo 9:<\/strong> Libro Electr\u00f3nico<br \/><strong>M\u00f3dulo 10:<\/strong> Ganancia<br \/><strong>M\u00f3dulo 11:<\/strong> Factor\u00eda<br \/><strong>M\u00f3dulo 12:<\/strong> Administraci\u00f3n y Contabilidad<\/p><p><strong>BONUS #1<\/strong> Simulador de llamada entre Broker y dispatch. Videos Simulaci\u00f3n de Llamadas con Brokers: Aprende c\u00f3mo comunicarte de manera efectiva, negociar con confianza y cerrar acuerdos exitosos para garantizar la rentabilidad de tus viajes.<\/p><p><strong>BONUS #2<\/strong> Video Explicativo sobre c\u00f3mo Trabajan los Loads Board: Descubre los secretos detr\u00e1s de la aplicaci\u00f3n TRUCKSTOP y c\u00f3mo aprovechar al m\u00e1ximo esta poderosa herramienta. Con nuestro video explicativo, dominar\u00e1s el proceso de b\u00fasqueda, selecci\u00f3n y reserva de cargas de manera eficiente y rentable.<\/p><p><strong>BONUS #3<\/strong> Video Explicativo sobre c\u00f3mo Trabajan los Loads Board: Descubre los secretos detr\u00e1s de la aplicaci\u00f3n DAT y c\u00f3mo aprovechar al m\u00e1ximo esta poderosa herramienta. Con nuestro video explicativo, dominar\u00e1s el proceso de b\u00fasqueda, selecci\u00f3n y reserva de cargas de manera eficiente y rentable.<\/p><p><strong>Bonus #4<\/strong> CREACI\u00d3N DE COMPA\u00d1\u00cdA.<\/p>\t\t\t\t\t\t\t\t<\/div>\n\t\t\t\t<\/div>\n\t\t\t\t\t<\/div>\n\t\t<\/div>\n\t\t\t\t\t<\/div>\n\t\t<\/section>\n\t\t\t\t<\/div>\n\t\t","protected":false},"excerpt":{"rendered":"<h2><span style=\"color: #0000ff;\"><strong>Esto Es Todo Lo Que Vas A Recibir, M\u00e1s Los BONOS GRATIS<\/strong><\/span><\/h2>\n<p><strong>Gu\u00eda de master en Dispatch (PDF) Convi\u00e9rtete en un experto en el arte del dispatch con nuestra gu\u00eda completa<\/strong>. Aprende las mejores pr\u00e1cticas, estrategias probadas y herramientas clave para optimizar tus operaciones de transporte y maximizar tus ganancias.<br \/>\n<strong>VALOR :<span style=\"color: #ff6600;\"> ($300.00)<\/span><\/strong><\/p>\n<p><strong>Curso M\u00e1ster en Dispatch<\/strong> : M\u00e1s de 50 videos donde explicamos cada lecci\u00f3n de manera detallada. Aprende de los mejores profesionales, adquiere habilidades avanzadas en gesti\u00f3n de flotas, optimizaci\u00f3n de rutas y resoluci\u00f3n de problemas, y lleva tu carrera al siguiente nivel. VALOR:<strong><span style=\"color: #ff6600;\"> ($1,199.00)<\/span><\/strong><\/p>\n<p><strong>GRUPO DE APOYO<\/strong>: Acceso a mi comunidad privada de whatsapp para apoyo y llamadas por Zoom donde aclarare sus dudas y nos conoceremos. As\u00ed tendr\u00e1n la oportunidad de participar en sesiones de preguntas y respuestas en vivo con expertos del campo del dispatch y la gesti\u00f3n de carga. <strong>VALOR<\/strong> : <strong><span style=\"color: #ff6600;\">($300.00)<\/span><\/strong><\/p>\n<p><strong>BONUS #1<\/strong> Simulador de llamada entre Broker y dispatch. Videos Simulaci\u00f3n de Llamadas con Brokers: Aprende c\u00f3mo comunicarte de manera efectiva, negociar con confianza y cerrar acuerdos exitosos para garantizar la rentabilidad de tus viajes. <strong>VALOR <span style=\"color: #ff0000;\">($150.00)<\/span><\/strong><\/p>\n<p><strong>BONUS #2<\/strong> Video Explicativo sobre c\u00f3mo Trabajan los Loads Board: Descubre los secretos detr\u00e1s de la aplicaci\u00f3n TRUCKSTOP y c\u00f3mo aprovechar al m\u00e1ximo esta poderosa herramienta. Con nuestro video explicativo, dominar\u00e1s el proceso de b\u00fasqueda, selecci\u00f3n y reserva de cargas de manera eficiente y rentable.\u00a0 <strong>VALOR <span style=\"color: #ff0000;\">($150.00)<\/span><\/strong><\/p>\n<p><strong>BONUS #3<\/strong> Video Explicativo sobre c\u00f3mo Trabajan los Loads Board: Descubre los secretos detr\u00e1s de la aplicaci\u00f3n DAT y c\u00f3mo aprovechar al m\u00e1ximo esta poderosa herramienta. Con nuestro video explicativo, dominar\u00e1s el proceso de b\u00fasqueda, selecci\u00f3n y reserva de cargas de manera eficiente y rentable.\u00a0 <strong>VALOR <span style=\"color: #ff0000;\">($150.00)<\/span><\/strong><\/p>\n<p><strong>Bonus #4<\/strong> CREACI\u00d3N DE COMPA\u00d1\u00cdA. <strong>VALOR <span style=\"color: #ff0000;\">($150.00)<\/span><\/strong><\/p>\n<h2 style=\"text-align: center;\"><span style=\"color: #0000ff;\">EN VALOR TOTAL : $2.299 En valor total.<\/span><br \/>\n<span style=\"color: #0000ff;\">pero obtienes todo esto por tan solo: <\/span><span style=\"color: #ff6600;\"><em><strong>$499 USD<\/strong><\/em><\/span><\/h2>\n","protected":false},"featured_media":3968,"comment_status":"open","ping_status":"closed","template":"","meta":[],"product_brand":[],"product_cat":[32],"product_tag":[],"class_list":{"0":"post-3119","1":"product","2":"type-product","3":"status-publish","4":"has-post-thumbnail","6":"product_cat-cursos","8":"first","9":"instock","10":"virtual","11":"sold-individually","12":"purchasable","13":"product-type-course"},"yoast_head":"<!-- This site is optimized with the Yoast SEO plugin v26.9 - https:\/\/yoast.com\/product\/yoast-seo-wordpress\/ -->\n<title>CURSO MASTER DE DISPATCH EN ESPA\u00d1OL - Garddy Trucking<\/title>\n<meta name=\"robots\" content=\"index, follow, max-snippet:-1, max-image-preview:large, max-video-preview:-1\" \/>\n<link rel=\"canonical\" href=\"https:\/\/garddytrucking.com\/academy\/producto\/curso-master-de-dispatch-en-espanol\/\" \/>\n<meta property=\"og:locale\" content=\"es_ES\" \/>\n<meta property=\"og:type\" content=\"article\" \/>\n<meta property=\"og:title\" content=\"CURSO MASTER DE DISPATCH EN ESPA\u00d1OL - Garddy Trucking\" \/>\n<meta property=\"og:description\" content=\"Esto Es Todo Lo Que Vas A Recibir, M\u00e1s Los BONOS GRATIS Gu\u00eda de master en Dispatch (PDF) Convi\u00e9rtete en un experto en el arte del dispatch con nuestra gu\u00eda completa. Aprende las mejores pr\u00e1cticas, estrategias probadas y herramientas clave para optimizar tus operaciones de transporte y maximizar tus ganancias. VALOR : ($300.00)  Curso M\u00e1ster en Dispatch : M\u00e1s de 50 videos donde explicamos cada lecci\u00f3n de manera detallada. Aprende de los mejores profesionales, adquiere habilidades avanzadas en gesti\u00f3n de flotas, optimizaci\u00f3n de rutas y resoluci\u00f3n de problemas, y lleva tu carrera al siguiente nivel. VALOR: ($1,199.00)  GRUPO DE APOYO: Acceso a mi comunidad privada de whatsapp para apoyo y llamadas por Zoom donde aclarare sus dudas y nos conoceremos. As\u00ed tendr\u00e1n la oportunidad de participar en sesiones de preguntas y respuestas en vivo con expertos del campo del dispatch y la gesti\u00f3n de carga. VALOR : ($300.00)  BONUS #1 Simulador de llamada entre Broker y dispatch. Videos Simulaci\u00f3n de Llamadas con Brokers: Aprende c\u00f3mo comunicarte de manera efectiva, negociar con confianza y cerrar acuerdos exitosos para garantizar la rentabilidad de tus viajes. VALOR ($150.00)  BONUS #2 Video Explicativo sobre c\u00f3mo Trabajan los Loads Board: Descubre los secretos detr\u00e1s de la aplicaci\u00f3n TRUCKSTOP y c\u00f3mo aprovechar al m\u00e1ximo esta poderosa herramienta. Con nuestro video explicativo, dominar\u00e1s el proceso de b\u00fasqueda, selecci\u00f3n y reserva de cargas de manera eficiente y rentable.\u00a0 VALOR ($150.00)  BONUS #3 Video Explicativo sobre c\u00f3mo Trabajan los Loads Board: Descubre los secretos detr\u00e1s de la aplicaci\u00f3n DAT y c\u00f3mo aprovechar al m\u00e1ximo esta poderosa herramienta. Con nuestro video explicativo, dominar\u00e1s el proceso de b\u00fasqueda, selecci\u00f3n y reserva de cargas de manera eficiente y rentable.\u00a0 VALOR ($150.00)  Bonus #4 CREACI\u00d3N DE COMPA\u00d1\u00cdA. VALOR ($150.00) EN VALOR TOTAL : $2.299 En valor total. pero obtienes todo esto por tan solo: $499 USD\" \/>\n<meta property=\"og:url\" content=\"https:\/\/garddytrucking.com\/academy\/producto\/curso-master-de-dispatch-en-espanol\/\" \/>\n<meta property=\"og:site_name\" content=\"Garddy Trucking\" \/>\n<meta property=\"article:modified_time\" content=\"2024-03-26T20:27:58+00:00\" \/>\n<meta property=\"og:image\" content=\"https:\/\/garddytrucking.com\/academy\/wp-content\/uploads\/2024\/03\/WhatsApp-Image-2024-03-26-at-16.04.47.jpeg\" \/>\n\t<meta property=\"og:image:width\" content=\"1080\" \/>\n\t<meta property=\"og:image:height\" content=\"1080\" \/>\n\t<meta property=\"og:image:type\" content=\"image\/jpeg\" \/>\n<meta name=\"twitter:card\" content=\"summary_large_image\" \/>\n<script type=\"application\/ld+json\" class=\"yoast-schema-graph\">{\"@context\":\"https:\/\/schema.org\",\"@graph\":[{\"@type\":\"WebPage\",\"@id\":\"https:\/\/garddytrucking.com\/academy\/producto\/curso-master-de-dispatch-en-espanol\/\",\"url\":\"https:\/\/garddytrucking.com\/academy\/producto\/curso-master-de-dispatch-en-espanol\/\",\"name\":\"CURSO MASTER DE DISPATCH EN ESPA\u00d1OL - Garddy Trucking\",\"isPartOf\":{\"@id\":\"https:\/\/garddytrucking.com\/academy\/#website\"},\"primaryImageOfPage\":{\"@id\":\"https:\/\/garddytrucking.com\/academy\/producto\/curso-master-de-dispatch-en-espanol\/#primaryimage\"},\"image\":{\"@id\":\"https:\/\/garddytrucking.com\/academy\/producto\/curso-master-de-dispatch-en-espanol\/#primaryimage\"},\"thumbnailUrl\":\"https:\/\/garddytrucking.com\/academy\/wp-content\/uploads\/2024\/03\/WhatsApp-Image-2024-03-26-at-16.04.47.jpeg\",\"datePublished\":\"2024-03-06T20:12:27+00:00\",\"dateModified\":\"2024-03-26T20:27:58+00:00\",\"breadcrumb\":{\"@id\":\"https:\/\/garddytrucking.com\/academy\/producto\/curso-master-de-dispatch-en-espanol\/#breadcrumb\"},\"inLanguage\":\"es\",\"potentialAction\":[{\"@type\":\"ReadAction\",\"target\":[\"https:\/\/garddytrucking.com\/academy\/producto\/curso-master-de-dispatch-en-espanol\/\"]}]},{\"@type\":\"ImageObject\",\"inLanguage\":\"es\",\"@id\":\"https:\/\/garddytrucking.com\/academy\/producto\/curso-master-de-dispatch-en-espanol\/#primaryimage\",\"url\":\"https:\/\/garddytrucking.com\/academy\/wp-content\/uploads\/2024\/03\/WhatsApp-Image-2024-03-26-at-16.04.47.jpeg\",\"contentUrl\":\"https:\/\/garddytrucking.com\/academy\/wp-content\/uploads\/2024\/03\/WhatsApp-Image-2024-03-26-at-16.04.47.jpeg\",\"width\":1080,\"height\":1080},{\"@type\":\"BreadcrumbList\",\"@id\":\"https:\/\/garddytrucking.com\/academy\/producto\/curso-master-de-dispatch-en-espanol\/#breadcrumb\",\"itemListElement\":[{\"@type\":\"ListItem\",\"position\":1,\"name\":\"Home\",\"item\":\"https:\/\/garddytrucking.com\/academy\/\"},{\"@type\":\"ListItem\",\"position\":2,\"name\":\"Tienda\",\"item\":\"https:\/\/garddytrucking.com\/academy\/tienda\/\"},{\"@type\":\"ListItem\",\"position\":3,\"name\":\"CURSO MASTER DE DISPATCH EN ESPA\u00d1OL\"}]},{\"@type\":\"WebSite\",\"@id\":\"https:\/\/garddytrucking.com\/academy\/#website\",\"url\":\"https:\/\/garddytrucking.com\/academy\/\",\"name\":\"Garddy Trucking\",\"description\":\"Trucking and Hotshot Services\",\"publisher\":{\"@id\":\"https:\/\/garddytrucking.com\/academy\/#organization\"},\"potentialAction\":[{\"@type\":\"SearchAction\",\"target\":{\"@type\":\"EntryPoint\",\"urlTemplate\":\"https:\/\/garddytrucking.com\/academy\/?s={search_term_string}\"},\"query-input\":{\"@type\":\"PropertyValueSpecification\",\"valueRequired\":true,\"valueName\":\"search_term_string\"}}],\"inLanguage\":\"es\"},{\"@type\":\"Organization\",\"@id\":\"https:\/\/garddytrucking.com\/academy\/#organization\",\"name\":\"Garddy Trucking\",\"url\":\"https:\/\/garddytrucking.com\/academy\/\",\"logo\":{\"@type\":\"ImageObject\",\"inLanguage\":\"es\",\"@id\":\"https:\/\/garddytrucking.com\/academy\/#\/schema\/logo\/image\/\",\"url\":\"https:\/\/garddytrucking.com\/academy\/wp-content\/uploads\/2022\/05\/cropped-1-1-e1708737792424.png\",\"contentUrl\":\"https:\/\/garddytrucking.com\/academy\/wp-content\/uploads\/2022\/05\/cropped-1-1-e1708737792424.png\",\"width\":1047,\"height\":1050,\"caption\":\"Garddy Trucking\"},\"image\":{\"@id\":\"https:\/\/garddytrucking.com\/academy\/#\/schema\/logo\/image\/\"}}]}<\/script>\n<!-- \/ Yoast SEO plugin. -->","yoast_head_json":{"title":"CURSO MASTER DE DISPATCH EN ESPA\u00d1OL - Garddy Trucking","robots":{"index":"index","follow":"follow","max-snippet":"max-snippet:-1","max-image-preview":"max-image-preview:large","max-video-preview":"max-video-preview:-1"},"canonical":"https:\/\/garddytrucking.com\/academy\/producto\/curso-master-de-dispatch-en-espanol\/","og_locale":"es_ES","og_type":"article","og_title":"CURSO MASTER DE DISPATCH EN ESPA\u00d1OL - Garddy Trucking","og_description":"Esto Es Todo Lo Que Vas A Recibir, M\u00e1s Los BONOS GRATIS Gu\u00eda de master en Dispatch (PDF) Convi\u00e9rtete en un experto en el arte del dispatch con nuestra gu\u00eda completa. Aprende las mejores pr\u00e1cticas, estrategias probadas y herramientas clave para optimizar tus operaciones de transporte y maximizar tus ganancias. VALOR : ($300.00)  Curso M\u00e1ster en Dispatch : M\u00e1s de 50 videos donde explicamos cada lecci\u00f3n de manera detallada. Aprende de los mejores profesionales, adquiere habilidades avanzadas en gesti\u00f3n de flotas, optimizaci\u00f3n de rutas y resoluci\u00f3n de problemas, y lleva tu carrera al siguiente nivel. VALOR: ($1,199.00)  GRUPO DE APOYO: Acceso a mi comunidad privada de whatsapp para apoyo y llamadas por Zoom donde aclarare sus dudas y nos conoceremos. As\u00ed tendr\u00e1n la oportunidad de participar en sesiones de preguntas y respuestas en vivo con expertos del campo del dispatch y la gesti\u00f3n de carga. VALOR : ($300.00)  BONUS #1 Simulador de llamada entre Broker y dispatch. Videos Simulaci\u00f3n de Llamadas con Brokers: Aprende c\u00f3mo comunicarte de manera efectiva, negociar con confianza y cerrar acuerdos exitosos para garantizar la rentabilidad de tus viajes. VALOR ($150.00)  BONUS #2 Video Explicativo sobre c\u00f3mo Trabajan los Loads Board: Descubre los secretos detr\u00e1s de la aplicaci\u00f3n TRUCKSTOP y c\u00f3mo aprovechar al m\u00e1ximo esta poderosa herramienta. Con nuestro video explicativo, dominar\u00e1s el proceso de b\u00fasqueda, selecci\u00f3n y reserva de cargas de manera eficiente y rentable.\u00a0 VALOR ($150.00)  BONUS #3 Video Explicativo sobre c\u00f3mo Trabajan los Loads Board: Descubre los secretos detr\u00e1s de la aplicaci\u00f3n DAT y c\u00f3mo aprovechar al m\u00e1ximo esta poderosa herramienta. Con nuestro video explicativo, dominar\u00e1s el proceso de b\u00fasqueda, selecci\u00f3n y reserva de cargas de manera eficiente y rentable.\u00a0 VALOR ($150.00)  Bonus #4 CREACI\u00d3N DE COMPA\u00d1\u00cdA. VALOR ($150.00) EN VALOR TOTAL : $2.299 En valor total. pero obtienes todo esto por tan solo: $499 USD","og_url":"https:\/\/garddytrucking.com\/academy\/producto\/curso-master-de-dispatch-en-espanol\/","og_site_name":"Garddy Trucking","article_modified_time":"2024-03-26T20:27:58+00:00","og_image":[{"width":1080,"height":1080,"url":"https:\/\/garddytrucking.com\/academy\/wp-content\/uploads\/2024\/03\/WhatsApp-Image-2024-03-26-at-16.04.47.jpeg","type":"image\/jpeg"}],"twitter_card":"summary_large_image","schema":{"@context":"https:\/\/schema.org","@graph":[{"@type":"WebPage","@id":"https:\/\/garddytrucking.com\/academy\/producto\/curso-master-de-dispatch-en-espanol\/","url":"https:\/\/garddytrucking.com\/academy\/producto\/curso-master-de-dispatch-en-espanol\/","name":"CURSO MASTER DE DISPATCH EN ESPA\u00d1OL - Garddy Trucking","isPartOf":{"@id":"https:\/\/garddytrucking.com\/academy\/#website"},"primaryImageOfPage":{"@id":"https:\/\/garddytrucking.com\/academy\/producto\/curso-master-de-dispatch-en-espanol\/#primaryimage"},"image":{"@id":"https:\/\/garddytrucking.com\/academy\/producto\/curso-master-de-dispatch-en-espanol\/#primaryimage"},"thumbnailUrl":"https:\/\/garddytrucking.com\/academy\/wp-content\/uploads\/2024\/03\/WhatsApp-Image-2024-03-26-at-16.04.47.jpeg","datePublished":"2024-03-06T20:12:27+00:00","dateModified":"2024-03-26T20:27:58+00:00","breadcrumb":{"@id":"https:\/\/garddytrucking.com\/academy\/producto\/curso-master-de-dispatch-en-espanol\/#breadcrumb"},"inLanguage":"es","potentialAction":[{"@type":"ReadAction","target":["https:\/\/garddytrucking.com\/academy\/producto\/curso-master-de-dispatch-en-espanol\/"]}]},{"@type":"ImageObject","inLanguage":"es","@id":"https:\/\/garddytrucking.com\/academy\/producto\/curso-master-de-dispatch-en-espanol\/#primaryimage","url":"https:\/\/garddytrucking.com\/academy\/wp-content\/uploads\/2024\/03\/WhatsApp-Image-2024-03-26-at-16.04.47.jpeg","contentUrl":"https:\/\/garddytrucking.com\/academy\/wp-content\/uploads\/2024\/03\/WhatsApp-Image-2024-03-26-at-16.04.47.jpeg","width":1080,"height":1080},{"@type":"BreadcrumbList","@id":"https:\/\/garddytrucking.com\/academy\/producto\/curso-master-de-dispatch-en-espanol\/#breadcrumb","itemListElement":[{"@type":"ListItem","position":1,"name":"Home","item":"https:\/\/garddytrucking.com\/academy\/"},{"@type":"ListItem","position":2,"name":"Tienda","item":"https:\/\/garddytrucking.com\/academy\/tienda\/"},{"@type":"ListItem","position":3,"name":"CURSO MASTER DE DISPATCH EN ESPA\u00d1OL"}]},{"@type":"WebSite","@id":"https:\/\/garddytrucking.com\/academy\/#website","url":"https:\/\/garddytrucking.com\/academy\/","name":"Garddy Trucking","description":"Trucking and Hotshot Services","publisher":{"@id":"https:\/\/garddytrucking.com\/academy\/#organization"},"potentialAction":[{"@type":"SearchAction","target":{"@type":"EntryPoint","urlTemplate":"https:\/\/garddytrucking.com\/academy\/?s={search_term_string}"},"query-input":{"@type":"PropertyValueSpecification","valueRequired":true,"valueName":"search_term_string"}}],"inLanguage":"es"},{"@type":"Organization","@id":"https:\/\/garddytrucking.com\/academy\/#organization","name":"Garddy Trucking","url":"https:\/\/garddytrucking.com\/academy\/","logo":{"@type":"ImageObject","inLanguage":"es","@id":"https:\/\/garddytrucking.com\/academy\/#\/schema\/logo\/image\/","url":"https:\/\/garddytrucking.com\/academy\/wp-content\/uploads\/2022\/05\/cropped-1-1-e1708737792424.png","contentUrl":"https:\/\/garddytrucking.com\/academy\/wp-content\/uploads\/2022\/05\/cropped-1-1-e1708737792424.png","width":1047,"height":1050,"caption":"Garddy Trucking"},"image":{"@id":"https:\/\/garddytrucking.com\/academy\/#\/schema\/logo\/image\/"}}]}},"_links":{"self":[{"href":"https:\/\/garddytrucking.com\/academy\/wp-json\/wp\/v2\/product\/3119","targetHints":{"allow":["GET"]}}],"collection":[{"href":"https:\/\/garddytrucking.com\/academy\/wp-json\/wp\/v2\/product"}],"about":[{"href":"https:\/\/garddytrucking.com\/academy\/wp-json\/wp\/v2\/types\/product"}],"replies":[{"embeddable":true,"href":"https:\/\/garddytrucking.com\/academy\/wp-json\/wp\/v2\/comments?post=3119"}],"version-history":[{"count":16,"href":"https:\/\/garddytrucking.com\/academy\/wp-json\/wp\/v2\/product\/3119\/revisions"}],"predecessor-version":[{"id":3970,"href":"https:\/\/garddytrucking.com\/academy\/wp-json\/wp\/v2\/product\/3119\/revisions\/3970"}],"wp:featuredmedia":[{"embeddable":true,"href":"https:\/\/garddytrucking.com\/academy\/wp-json\/wp\/v2\/media\/3968"}],"wp:attachment":[{"href":"https:\/\/garddytrucking.com\/academy\/wp-json\/wp\/v2\/media?parent=3119"}],"wp:term":[{"taxonomy":"product_brand","embeddable":true,"href":"https:\/\/garddytrucking.com\/academy\/wp-json\/wp\/v2\/product_brand?post=3119"},{"taxonomy":"product_cat","embeddable":true,"href":"https:\/\/garddytrucking.com\/academy\/wp-json\/wp\/v2\/product_cat?post=3119"},{"taxonomy":"product_tag","embeddable":true,"href":"https:\/\/garddytrucking.com\/academy\/wp-json\/wp\/v2\/product_tag?post=3119"}],"curies":[{"name":"wp","href":"https:\/\/api.w.org\/{rel}","templated":true}]}}